{"id":29114,"date":"2019-10-28T20:45:13","date_gmt":"2019-10-28T19:45:13","guid":{"rendered":"https:\/\/www.wondercrow.ch\/contact\/"},"modified":"2024-01-09T09:00:22","modified_gmt":"2024-01-09T08:00:22","slug":"contact","status":"publish","type":"page","link":"https:\/\/www.wondercrow.ch\/fr\/contact\/","title":{"rendered":"CONTACT"},"content":{"rendered":"<p>[et_pb_section fb_built=\u00a0\u00bb1&Prime; _builder_version=\u00a0\u00bb4.0.7&Prime;][et_pb_row column_structure=\u00a0\u00bb1_2,1_2&Prime; use_custom_gutter=\u00a0\u00bbon\u00a0\u00bb gutter_width=\u00a0\u00bb1&Prime; disabled_on=\u00a0\u00bboff|off|off\u00a0\u00bb _builder_version=\u00a0\u00bb4.0.7&Prime; width=\u00a0\u00bb100%\u00a0\u00bb module_alignment=\u00a0\u00bbcenter\u00a0\u00bb custom_margin=\u00a0\u00bb|auto||1845px||\u00a0\u00bb custom_padding=\u00a0\u00bb42px|||||\u00a0\u00bb custom_css_main_element_last_edited=\u00a0\u00bbon|desktop\u00a0\u00bb][et_pb_column type=\u00a0\u00bb1_2&Prime; admin_label=\u00a0\u00bbColumn 1&Prime; _builder_version=\u00a0\u00bb4.0.7&Prime; custom_padding=\u00a0\u00bb|10px||10px|false|false\u00a0\u00bb custom_css_main_element=\u00a0\u00bbwidth:63% !important;\u00a0\u00bb custom_css_before_last_edited=\u00a0\u00bbon|tablet\u00a0\u00bb custom_css_main_element_last_edited=\u00a0\u00bbon|desktop\u00a0\u00bb custom_css_main_element_tablet=\u00a0\u00bbwidth:100% !important;\u00a0\u00bb custom_css_main_element_phone=\u00a0\u00bbwidth:100% !important;\u00a0\u00bb][et_pb_text admin_label=\u00a0\u00bbText\u00a0\u00bb _builder_version=\u00a0\u00bb4.0.7&Prime; text_line_height=\u00a0\u00bb1.5em\u00a0\u00bb background_size=\u00a0\u00bbinitial\u00a0\u00bb background_position=\u00a0\u00bbtop_left\u00a0\u00bb background_repeat=\u00a0\u00bbrepeat\u00a0\u00bb width=\u00a0\u00bb100%\u00a0\u00bb use_border_color=\u00a0\u00bboff\u00a0\u00bb border_style=\u00a0\u00bbsolid\u00a0\u00bb locked=\u00a0\u00bboff\u00a0\u00bb]<\/p>\n<h1 style=\"text-align: center;\">Formulaire de contact<span style=\"font-size: 16px;\">\u00a0<\/span><\/h1>\n<p style=\"text-align: center;\">Contactez-nous facilement au moyen de ce formulaire et nous vous r\u00e9pondrons le plus rapidement possible.<\/p>\n<p>&nbsp;[\/et_pb_text][et_pb_contact_form use_spam_service=\u00a0\u00bbon\u00a0\u00bb recaptcha_list=\u00a0\u00bbwondercrow v3|wondercrow v3-0&Prime; email=\u00a0\u00bbgilbert.wittwer@wondercrow.ch\u00a0\u00bb submit_button_text=\u00a0\u00bbENVOYER\u00a0\u00bb admin_label=\u00a0\u00bbContact Form\u00a0\u00bb module_id=\u00a0\u00bbet_pb_contact_form_0&Prime; _builder_version=\u00a0\u00bb4.9.4&Prime; button_custom_margin=\u00a0\u00bb||30px||false|false\u00a0\u00bb button_custom_padding=\u00a0\u00bb||||false|false\u00a0\u00bb width=\u00a0\u00bb100%\u00a0\u00bb custom_margin=\u00a0\u00bb||60px||false|false\u00a0\u00bb hover_enabled=\u00a0\u00bb0&Prime; use_border_color=\u00a0\u00bboff\u00a0\u00bb border_color=\u00a0\u00bb#ffffff\u00a0\u00bb border_width=\u00a0\u00bb1px\u00a0\u00bb border_style=\u00a0\u00bbsolid\u00a0\u00bb input_border_radius=\u00a0\u00bb0&Prime; custom_css_after__hover_enabled=\u00a0\u00bboff|desktop\u00a0\u00bb button_letter_spacing_hover=\u00a0\u00bb0&Prime; sticky_enabled=\u00a0\u00bb0&Prime;][et_pb_contact_field field_id=\u00a0\u00bbName\u00a0\u00bb field_title=\u00a0\u00bbNom\u00a0\u00bb _builder_version=\u00a0\u00bb4.0.3&Prime; form_field_background_color=\u00a0\u00bb#ffffff\u00a0\u00bb form_field_text_color=\u00a0\u00bb#333333&Prime; border_radii=\u00a0\u00bbon|0px|0px|0px|0px\u00a0\u00bb border_width_all=\u00a0\u00bb1px\u00a0\u00bb border_color_all=\u00a0\u00bb#edecec\u00a0\u00bb border_style_all=\u00a0\u00bbsolid\u00a0\u00bb use_border_color=\u00a0\u00bbon\u00a0\u00bb border_color=\u00a0\u00bb#edecec\u00a0\u00bb border_width=\u00a0\u00bb1px\u00a0\u00bb input_border_radius=\u00a0\u00bb0&Prime; field_background_color=\u00a0\u00bb#ffffff\u00a0\u00bb button_text_size__hover_enabled=\u00a0\u00bboff\u00a0\u00bb button_one_text_size__hover_enabled=\u00a0\u00bboff\u00a0\u00bb button_two_text_size__hover_enabled=\u00a0\u00bboff\u00a0\u00bb button_text_color__hover_enabled=\u00a0\u00bboff\u00a0\u00bb button_one_text_color__hover_enabled=\u00a0\u00bboff\u00a0\u00bb button_two_text_color__hover_enabled=\u00a0\u00bboff\u00a0\u00bb button_border_width__hover_enabled=\u00a0\u00bboff\u00a0\u00bb button_one_border_width__hover_enabled=\u00a0\u00bboff\u00a0\u00bb button_two_border_width__hover_enabled=\u00a0\u00bboff\u00a0\u00bb button_border_color__hover_enabled=\u00a0\u00bboff\u00a0\u00bb button_one_border_color__hover_enabled=\u00a0\u00bboff\u00a0\u00bb button_two_border_color__hover_enabled=\u00a0\u00bboff\u00a0\u00bb button_border_radius__hover_enabled=\u00a0\u00bboff\u00a0\u00bb button_one_border_radius__hover_enabled=\u00a0\u00bboff\u00a0\u00bb button_two_border_radius__hover_enabled=\u00a0\u00bboff\u00a0\u00bb button_letter_spacing__hover_enabled=\u00a0\u00bboff\u00a0\u00bb button_one_letter_spacing__hover_enabled=\u00a0\u00bboff\u00a0\u00bb button_two_letter_spacing__hover_enabled=\u00a0\u00bboff\u00a0\u00bb button_bg_color__hover_enabled=\u00a0\u00bboff\u00a0\u00bb button_one_bg_color__hover_enabled=\u00a0\u00bboff\u00a0\u00bb button_two_bg_color__hover_enabled=\u00a0\u00bboff\u00a0\u00bb][\/et_pb_contact_field][et_pb_contact_field field_id=\u00a0\u00bbCompany\u00a0\u00bb field_title=\u00a0\u00bbOrganisation \/ entreprise\u00a0\u00bb _builder_version=\u00a0\u00bb4.0.3&Prime; form_field_background_color=\u00a0\u00bb#ffffff\u00a0\u00bb form_field_text_color=\u00a0\u00bb#333333&Prime; border_radii=\u00a0\u00bbon|0px|0px|0px|0px\u00a0\u00bb border_width_all=\u00a0\u00bb1px\u00a0\u00bb border_color_all=\u00a0\u00bb#edecec\u00a0\u00bb border_style_all=\u00a0\u00bbsolid\u00a0\u00bb use_border_color=\u00a0\u00bbon\u00a0\u00bb border_color=\u00a0\u00bb#edecec\u00a0\u00bb border_width=\u00a0\u00bb1px\u00a0\u00bb input_border_radius=\u00a0\u00bb0&Prime; field_background_color=\u00a0\u00bb#ffffff\u00a0\u00bb button_text_size__hover_enabled=\u00a0\u00bboff\u00a0\u00bb button_one_text_size__hover_enabled=\u00a0\u00bboff\u00a0\u00bb button_two_text_size__hover_enabled=\u00a0\u00bboff\u00a0\u00bb button_text_color__hover_enabled=\u00a0\u00bboff\u00a0\u00bb button_one_text_color__hover_enabled=\u00a0\u00bboff\u00a0\u00bb button_two_text_color__hover_enabled=\u00a0\u00bboff\u00a0\u00bb button_border_width__hover_enabled=\u00a0\u00bboff\u00a0\u00bb button_one_border_width__hover_enabled=\u00a0\u00bboff\u00a0\u00bb button_two_border_width__hover_enabled=\u00a0\u00bboff\u00a0\u00bb button_border_color__hover_enabled=\u00a0\u00bboff\u00a0\u00bb button_one_border_color__hover_enabled=\u00a0\u00bboff\u00a0\u00bb button_two_border_color__hover_enabled=\u00a0\u00bboff\u00a0\u00bb button_border_radius__hover_enabled=\u00a0\u00bboff\u00a0\u00bb button_one_border_radius__hover_enabled=\u00a0\u00bboff\u00a0\u00bb button_two_border_radius__hover_enabled=\u00a0\u00bboff\u00a0\u00bb button_letter_spacing__hover_enabled=\u00a0\u00bboff\u00a0\u00bb button_one_letter_spacing__hover_enabled=\u00a0\u00bboff\u00a0\u00bb button_two_letter_spacing__hover_enabled=\u00a0\u00bboff\u00a0\u00bb button_bg_color__hover_enabled=\u00a0\u00bboff\u00a0\u00bb button_one_bg_color__hover_enabled=\u00a0\u00bboff\u00a0\u00bb button_two_bg_color__hover_enabled=\u00a0\u00bboff\u00a0\u00bb][\/et_pb_contact_field][et_pb_contact_field field_id=\u00a0\u00bbEmail\u00a0\u00bb field_title=\u00a0\u00bbAdresse email\u00a0\u00bb field_type=\u00a0\u00bbemail\u00a0\u00bb _builder_version=\u00a0\u00bb4.0.3&Prime; form_field_background_color=\u00a0\u00bb#ffffff\u00a0\u00bb form_field_text_color=\u00a0\u00bb#333333&Prime; border_radii=\u00a0\u00bbon|0px|0px|0px|0px\u00a0\u00bb border_width_all=\u00a0\u00bb1px\u00a0\u00bb border_color_all=\u00a0\u00bb#edecec\u00a0\u00bb border_style_all=\u00a0\u00bbsolid\u00a0\u00bb use_border_color=\u00a0\u00bbon\u00a0\u00bb border_color=\u00a0\u00bb#edecec\u00a0\u00bb border_width=\u00a0\u00bb1px\u00a0\u00bb input_border_radius=\u00a0\u00bb0&Prime; field_background_color=\u00a0\u00bb#ffffff\u00a0\u00bb button_text_size__hover_enabled=\u00a0\u00bboff\u00a0\u00bb button_one_text_size__hover_enabled=\u00a0\u00bboff\u00a0\u00bb button_two_text_size__hover_enabled=\u00a0\u00bboff\u00a0\u00bb button_text_color__hover_enabled=\u00a0\u00bboff\u00a0\u00bb button_one_text_color__hover_enabled=\u00a0\u00bboff\u00a0\u00bb button_two_text_color__hover_enabled=\u00a0\u00bboff\u00a0\u00bb button_border_width__hover_enabled=\u00a0\u00bboff\u00a0\u00bb button_one_border_width__hover_enabled=\u00a0\u00bboff\u00a0\u00bb button_two_border_width__hover_enabled=\u00a0\u00bboff\u00a0\u00bb button_border_color__hover_enabled=\u00a0\u00bboff\u00a0\u00bb button_one_border_color__hover_enabled=\u00a0\u00bboff\u00a0\u00bb button_two_border_color__hover_enabled=\u00a0\u00bboff\u00a0\u00bb button_border_radius__hover_enabled=\u00a0\u00bboff\u00a0\u00bb button_one_border_radius__hover_enabled=\u00a0\u00bboff\u00a0\u00bb button_two_border_radius__hover_enabled=\u00a0\u00bboff\u00a0\u00bb button_letter_spacing__hover_enabled=\u00a0\u00bboff\u00a0\u00bb button_one_letter_spacing__hover_enabled=\u00a0\u00bboff\u00a0\u00bb button_two_letter_spacing__hover_enabled=\u00a0\u00bboff\u00a0\u00bb button_bg_color__hover_enabled=\u00a0\u00bboff\u00a0\u00bb button_one_bg_color__hover_enabled=\u00a0\u00bboff\u00a0\u00bb button_two_bg_color__hover_enabled=\u00a0\u00bboff\u00a0\u00bb][\/et_pb_contact_field][et_pb_contact_field field_id=\u00a0\u00bbPhone\u00a0\u00bb field_title=\u00a0\u00bbNum\u00e9ro de t\u00e9l\u00e9phone (optionel)\u00a0\u00bb min_length=\u00a0\u00bb10&Prime; allowed_symbols=\u00a0\u00bbalphanumeric\u00a0\u00bb required_mark=\u00a0\u00bboff\u00a0\u00bb _builder_version=\u00a0\u00bb4.0.3&Prime; form_field_background_color=\u00a0\u00bb#ffffff\u00a0\u00bb form_field_text_color=\u00a0\u00bb#333333&Prime; border_radii=\u00a0\u00bbon|0px|0px|0px|0px\u00a0\u00bb border_width_all=\u00a0\u00bb1px\u00a0\u00bb border_color_all=\u00a0\u00bb#edecec\u00a0\u00bb border_style_all=\u00a0\u00bbsolid\u00a0\u00bb use_border_color=\u00a0\u00bbon\u00a0\u00bb border_color=\u00a0\u00bb#edecec\u00a0\u00bb border_width=\u00a0\u00bb1px\u00a0\u00bb input_border_radius=\u00a0\u00bb0&Prime; field_background_color=\u00a0\u00bb#ffffff\u00a0\u00bb button_text_size__hover_enabled=\u00a0\u00bboff\u00a0\u00bb button_one_text_size__hover_enabled=\u00a0\u00bboff\u00a0\u00bb button_two_text_size__hover_enabled=\u00a0\u00bboff\u00a0\u00bb button_text_color__hover_enabled=\u00a0\u00bboff\u00a0\u00bb button_one_text_color__hover_enabled=\u00a0\u00bboff\u00a0\u00bb button_two_text_color__hover_enabled=\u00a0\u00bboff\u00a0\u00bb button_border_width__hover_enabled=\u00a0\u00bboff\u00a0\u00bb button_one_border_width__hover_enabled=\u00a0\u00bboff\u00a0\u00bb button_two_border_width__hover_enabled=\u00a0\u00bboff\u00a0\u00bb button_border_color__hover_enabled=\u00a0\u00bboff\u00a0\u00bb button_one_border_color__hover_enabled=\u00a0\u00bboff\u00a0\u00bb button_two_border_color__hover_enabled=\u00a0\u00bboff\u00a0\u00bb button_border_radius__hover_enabled=\u00a0\u00bboff\u00a0\u00bb button_one_border_radius__hover_enabled=\u00a0\u00bboff\u00a0\u00bb button_two_border_radius__hover_enabled=\u00a0\u00bboff\u00a0\u00bb button_letter_spacing__hover_enabled=\u00a0\u00bboff\u00a0\u00bb button_one_letter_spacing__hover_enabled=\u00a0\u00bboff\u00a0\u00bb button_two_letter_spacing__hover_enabled=\u00a0\u00bboff\u00a0\u00bb button_bg_color__hover_enabled=\u00a0\u00bboff\u00a0\u00bb button_one_bg_color__hover_enabled=\u00a0\u00bboff\u00a0\u00bb button_two_bg_color__hover_enabled=\u00a0\u00bboff\u00a0\u00bb][\/et_pb_contact_field][et_pb_contact_field field_id=\u00a0\u00bbMessage\u00a0\u00bb field_title=\u00a0\u00bbMessage\u00a0\u00bb field_type=\u00a0\u00bbtext\u00a0\u00bb fullwidth_field=\u00a0\u00bbon\u00a0\u00bb _builder_version=\u00a0\u00bb4.0.7&Prime; form_field_background_color=\u00a0\u00bb#ffffff\u00a0\u00bb form_field_text_color=\u00a0\u00bb#333333&Prime; border_radii=\u00a0\u00bbon|0px|0px|0px|0px\u00a0\u00bb border_width_all=\u00a0\u00bb1px\u00a0\u00bb border_color_all=\u00a0\u00bb#edecec\u00a0\u00bb border_style_all=\u00a0\u00bbsolid\u00a0\u00bb use_border_color=\u00a0\u00bbon\u00a0\u00bb border_color=\u00a0\u00bb#edecec\u00a0\u00bb border_width=\u00a0\u00bb1px\u00a0\u00bb input_border_radius=\u00a0\u00bb0&Prime; field_background_color=\u00a0\u00bb#ffffff\u00a0\u00bb button_text_size__hover_enabled=\u00a0\u00bboff\u00a0\u00bb button_one_text_size__hover_enabled=\u00a0\u00bboff\u00a0\u00bb button_two_text_size__hover_enabled=\u00a0\u00bboff\u00a0\u00bb button_text_color__hover_enabled=\u00a0\u00bboff\u00a0\u00bb button_one_text_color__hover_enabled=\u00a0\u00bboff\u00a0\u00bb button_two_text_color__hover_enabled=\u00a0\u00bboff\u00a0\u00bb button_border_width__hover_enabled=\u00a0\u00bboff\u00a0\u00bb button_one_border_width__hover_enabled=\u00a0\u00bboff\u00a0\u00bb button_two_border_width__hover_enabled=\u00a0\u00bboff\u00a0\u00bb button_border_color__hover_enabled=\u00a0\u00bboff\u00a0\u00bb button_one_border_color__hover_enabled=\u00a0\u00bboff\u00a0\u00bb button_two_border_color__hover_enabled=\u00a0\u00bboff\u00a0\u00bb button_border_radius__hover_enabled=\u00a0\u00bboff\u00a0\u00bb button_one_border_radius__hover_enabled=\u00a0\u00bboff\u00a0\u00bb button_two_border_radius__hover_enabled=\u00a0\u00bboff\u00a0\u00bb button_letter_spacing__hover_enabled=\u00a0\u00bboff\u00a0\u00bb button_one_letter_spacing__hover_enabled=\u00a0\u00bboff\u00a0\u00bb button_two_letter_spacing__hover_enabled=\u00a0\u00bboff\u00a0\u00bb button_bg_color__hover_enabled=\u00a0\u00bboff\u00a0\u00bb button_one_bg_color__hover_enabled=\u00a0\u00bboff\u00a0\u00bb button_two_bg_color__hover_enabled=\u00a0\u00bboff\u00a0\u00bb][\/et_pb_contact_field][\/et_pb_contact_form][\/et_pb_column][et_pb_column type=\u00a0\u00bb1_2&Prime; admin_label=\u00a0\u00bbColumn 2&Prime; _builder_version=\u00a0\u00bb4.0.7&Prime; custom_padding=\u00a0\u00bb|10px||10px|false|false\u00a0\u00bb custom_css_main_element=\u00a0\u00bbwidth:35% !important;\u00a0\u00bb custom_css_main_element_last_edited=\u00a0\u00bbon|phone\u00a0\u00bb custom_css_main_element_tablet=\u00a0\u00bbwidth:100% !important;\u00a0\u00bb custom_css_main_element_phone=\u00a0\u00bbwidth:100% !important;\u00a0\u00bb][et_pb_text admin_label=\u00a0\u00bbTexte\u00a0\u00bb _builder_version=\u00a0\u00bb4.0.7&Prime; text_line_height=\u00a0\u00bb1.5em\u00a0\u00bb background_size=\u00a0\u00bbinitial\u00a0\u00bb background_position=\u00a0\u00bbtop_left\u00a0\u00bb background_repeat=\u00a0\u00bbrepeat\u00a0\u00bb text_orientation=\u00a0\u00bbcenter\u00a0\u00bb module_alignment=\u00a0\u00bbcenter\u00a0\u00bb use_border_color=\u00a0\u00bboff\u00a0\u00bb border_style=\u00a0\u00bbsolid\u00a0\u00bb locked=\u00a0\u00bboff\u00a0\u00bb]<\/p>\n<h1 style=\"text-align: center;\">Votre contact<\/h1>\n<p>&nbsp;[\/et_pb_text][et_pb_text admin_label=\u00a0\u00bbTexte\u00a0\u00bb _builder_version=\u00a0\u00bb4.2.2&Prime; text_text_color=\u00a0\u00bb#9f9f9f\u00a0\u00bb text_font_size=\u00a0\u00bb18px\u00a0\u00bb background_size=\u00a0\u00bbinitial\u00a0\u00bb background_position=\u00a0\u00bbtop_left\u00a0\u00bb background_repeat=\u00a0\u00bbrepeat\u00a0\u00bb text_orientation=\u00a0\u00bbcenter\u00a0\u00bb module_alignment=\u00a0\u00bbcenter\u00a0\u00bb use_border_color=\u00a0\u00bboff\u00a0\u00bb border_style=\u00a0\u00bbsolid\u00a0\u00bb locked=\u00a0\u00bboff\u00a0\u00bb]<\/p>\n<p style=\"text-align: center;\"><img loading=\"lazy\" decoding=\"async\" class=\"wp-image-29842 alignnone size-large\" src=\"https:\/\/www.wondercrow.ch\/wp-content\/uploads\/2020\/05\/Portrait-GW-5-BW-1024x1024.png\" alt=\"\" width=\"189\" height=\"189\" srcset=\"https:\/\/www.wondercrow.ch\/wp-content\/uploads\/2020\/05\/Portrait-GW-5-BW-1024x1024.png 1024w, https:\/\/www.wondercrow.ch\/wp-content\/uploads\/2020\/05\/Portrait-GW-5-BW-300x300.png 300w, https:\/\/www.wondercrow.ch\/wp-content\/uploads\/2020\/05\/Portrait-GW-5-BW-150x150.png 150w, https:\/\/www.wondercrow.ch\/wp-content\/uploads\/2020\/05\/Portrait-GW-5-BW-768x768.png 768w, https:\/\/www.wondercrow.ch\/wp-content\/uploads\/2020\/05\/Portrait-GW-5-BW-1536x1536.png 1536w, https:\/\/www.wondercrow.ch\/wp-content\/uploads\/2020\/05\/Portrait-GW-5-BW-2048x2048.png 2048w, https:\/\/www.wondercrow.ch\/wp-content\/uploads\/2020\/05\/Portrait-GW-5-BW-1080x1080.png 1080w\" sizes=\"(max-width: 189px) 100vw, 189px\" \/><\/p>\n<h3 style=\"text-align: center;\">Gilbert Wittwer<\/h3>\n<p style=\"text-align: center;\">Fondateur, Ing. Dipl. EPF (MSc.)<\/p>\n<p>[\/et_pb_text][et_pb_text admin_label=\u00a0\u00bbText\u00a0\u00bb _builder_version=\u00a0\u00bb4.0.7&Prime; text_font_size=\u00a0\u00bb16px\u00a0\u00bb text_line_height=\u00a0\u00bb1em\u00a0\u00bb background_size=\u00a0\u00bbinitial\u00a0\u00bb background_position=\u00a0\u00bbtop_left\u00a0\u00bb background_repeat=\u00a0\u00bbrepeat\u00a0\u00bb text_orientation=\u00a0\u00bbcenter\u00a0\u00bb module_alignment=\u00a0\u00bbcenter\u00a0\u00bb min_height=\u00a0\u00bb16px\u00a0\u00bb custom_margin=\u00a0\u00bb12px||||false|false\u00a0\u00bb custom_margin_tablet=\u00a0\u00bb10px|||\u00a0\u00bb custom_margin_phone=\u00a0\u00bb\u00a0\u00bb custom_margin_last_edited=\u00a0\u00bbon|phone\u00a0\u00bb use_border_color=\u00a0\u00bboff\u00a0\u00bb border_style=\u00a0\u00bbsolid\u00a0\u00bb]Wondercrow GmbH<\/p>\n<p>Gyrhaldenstrasse 62<\/p>\n<p>8953 Dietikon<\/p>\n<p>+41 77 816 36 63[\/et_pb_text][\/et_pb_column][\/et_pb_row][\/et_pb_section]<\/p>\n","protected":false},"excerpt":{"rendered":"<p>Formulaire de contact\u00a0 Contactez-nous facilement au moyen de ce formulaire et nous vous r\u00e9pondrons le plus rapidement possible. &nbsp;Votre contact &nbsp; Gilbert Wittwer Fondateur, Ing. Dipl. EPF (MSc.)Wondercrow GmbH Gyrhaldenstrasse 62 8953 Dietikon +41 77 816 36 63<\/p>\n","protected":false},"author":1,"featured_media":0,"parent":0,"menu_order":0,"comment_status":"closed","ping_status":"closed","template":"","meta":{"_et_pb_use_builder":"on","_et_pb_old_content":"","_et_gb_content_width":"","footnotes":""},"class_list":["post-29114","page","type-page","status-publish","hentry"],"yoast_head":"<!-- This site is optimized with the Yoast SEO plugin v24.8.1 - https:\/\/yoast.com\/wordpress\/plugins\/seo\/ -->\n<title>CONTACT | Wondercrow<\/title>\n<meta name=\"description\" content=\"Contactez-nous rapidement et facilement au moyen de notre formulaire de contact ou par t\u00e9l\u00e9phone.\" \/>\n<meta name=\"robots\" content=\"index, follow, max-snippet:-1, max-image-preview:large, max-video-preview:-1\" \/>\n<link rel=\"canonical\" href=\"https:\/\/www.wondercrow.ch\/fr\/contact\/\" \/>\n<meta property=\"og:locale\" content=\"fr_FR\" \/>\n<meta property=\"og:type\" content=\"article\" \/>\n<meta property=\"og:title\" content=\"CONTACT | Wondercrow\" \/>\n<meta property=\"og:description\" content=\"Contactez-nous rapidement et facilement au moyen de notre formulaire de contact ou par t\u00e9l\u00e9phone.\" \/>\n<meta property=\"og:url\" content=\"https:\/\/www.wondercrow.ch\/fr\/contact\/\" \/>\n<meta property=\"og:site_name\" content=\"Wondercrow\" \/>\n<meta property=\"article:modified_time\" content=\"2024-01-09T08:00:22+00:00\" \/>\n<meta property=\"og:image\" content=\"https:\/\/www.wondercrow.ch\/wp-content\/uploads\/2020\/05\/Portrait-GW-5-BW-1024x1024.png\" \/>\n<meta name=\"twitter:card\" content=\"summary_large_image\" \/>\n<meta name=\"twitter:label1\" content=\"Dur\u00e9e de lecture estim\u00e9e\" \/>\n\t<meta name=\"twitter:data1\" content=\"7 minutes\" \/>\n<script type=\"application\/ld+json\" class=\"yoast-schema-graph\">{\"@context\":\"https:\/\/schema.org\",\"@graph\":[{\"@type\":\"WebPage\",\"@id\":\"https:\/\/www.wondercrow.ch\/fr\/contact\/\",\"url\":\"https:\/\/www.wondercrow.ch\/fr\/contact\/\",\"name\":\"CONTACT | Wondercrow\",\"isPartOf\":{\"@id\":\"https:\/\/www.wondercrow.ch\/fr\/#website\"},\"primaryImageOfPage\":{\"@id\":\"https:\/\/www.wondercrow.ch\/fr\/contact\/#primaryimage\"},\"image\":{\"@id\":\"https:\/\/www.wondercrow.ch\/fr\/contact\/#primaryimage\"},\"thumbnailUrl\":\"https:\/\/www.wondercrow.ch\/wp-content\/uploads\/2020\/05\/Portrait-GW-5-BW-1024x1024.png\",\"datePublished\":\"2019-10-28T19:45:13+00:00\",\"dateModified\":\"2024-01-09T08:00:22+00:00\",\"description\":\"Contactez-nous rapidement et facilement au moyen de notre formulaire de contact ou par t\u00e9l\u00e9phone.\",\"breadcrumb\":{\"@id\":\"https:\/\/www.wondercrow.ch\/fr\/contact\/#breadcrumb\"},\"inLanguage\":\"fr-FR\",\"potentialAction\":[{\"@type\":\"ReadAction\",\"target\":[\"https:\/\/www.wondercrow.ch\/fr\/contact\/\"]}]},{\"@type\":\"ImageObject\",\"inLanguage\":\"fr-FR\",\"@id\":\"https:\/\/www.wondercrow.ch\/fr\/contact\/#primaryimage\",\"url\":\"https:\/\/www.wondercrow.ch\/wp-content\/uploads\/2020\/05\/Portrait-GW-5-BW-1024x1024.png\",\"contentUrl\":\"https:\/\/www.wondercrow.ch\/wp-content\/uploads\/2020\/05\/Portrait-GW-5-BW-1024x1024.png\"},{\"@type\":\"BreadcrumbList\",\"@id\":\"https:\/\/www.wondercrow.ch\/fr\/contact\/#breadcrumb\",\"itemListElement\":[{\"@type\":\"ListItem\",\"position\":1,\"name\":\"Home\",\"item\":\"https:\/\/www.wondercrow.ch\/fr\/\"},{\"@type\":\"ListItem\",\"position\":2,\"name\":\"CONTACT\"}]},{\"@type\":\"WebSite\",\"@id\":\"https:\/\/www.wondercrow.ch\/fr\/#website\",\"url\":\"https:\/\/www.wondercrow.ch\/fr\/\",\"name\":\"Wondercrow\",\"description\":\"Digitalize successfully\",\"publisher\":{\"@id\":\"https:\/\/www.wondercrow.ch\/fr\/#organization\"},\"potentialAction\":[{\"@type\":\"SearchAction\",\"target\":{\"@type\":\"EntryPoint\",\"urlTemplate\":\"https:\/\/www.wondercrow.ch\/fr\/?s={search_term_string}\"},\"query-input\":{\"@type\":\"PropertyValueSpecification\",\"valueRequired\":true,\"valueName\":\"search_term_string\"}}],\"inLanguage\":\"fr-FR\"},{\"@type\":\"Organization\",\"@id\":\"https:\/\/www.wondercrow.ch\/fr\/#organization\",\"name\":\"Wondercrow GmbH\",\"url\":\"https:\/\/www.wondercrow.ch\/fr\/\",\"logo\":{\"@type\":\"ImageObject\",\"inLanguage\":\"fr-FR\",\"@id\":\"https:\/\/www.wondercrow.ch\/fr\/#\/schema\/logo\/image\/\",\"url\":\"https:\/\/www.wondercrow.ch\/wp-content\/uploads\/2019\/10\/Crow_Logo_medium_oval.png\",\"contentUrl\":\"https:\/\/www.wondercrow.ch\/wp-content\/uploads\/2019\/10\/Crow_Logo_medium_oval.png\",\"width\":1200,\"height\":1200,\"caption\":\"Wondercrow GmbH\"},\"image\":{\"@id\":\"https:\/\/www.wondercrow.ch\/fr\/#\/schema\/logo\/image\/\"}}]}<\/script>\n<!-- \/ Yoast SEO plugin. -->","yoast_head_json":{"title":"CONTACT | Wondercrow","description":"Contactez-nous rapidement et facilement au moyen de notre formulaire de contact ou par t\u00e9l\u00e9phone.","robots":{"index":"index","follow":"follow","max-snippet":"max-snippet:-1","max-image-preview":"max-image-preview:large","max-video-preview":"max-video-preview:-1"},"canonical":"https:\/\/www.wondercrow.ch\/fr\/contact\/","og_locale":"fr_FR","og_type":"article","og_title":"CONTACT | Wondercrow","og_description":"Contactez-nous rapidement et facilement au moyen de notre formulaire de contact ou par t\u00e9l\u00e9phone.","og_url":"https:\/\/www.wondercrow.ch\/fr\/contact\/","og_site_name":"Wondercrow","article_modified_time":"2024-01-09T08:00:22+00:00","og_image":[{"url":"https:\/\/www.wondercrow.ch\/wp-content\/uploads\/2020\/05\/Portrait-GW-5-BW-1024x1024.png","type":"","width":"","height":""}],"twitter_card":"summary_large_image","twitter_misc":{"Dur\u00e9e de lecture estim\u00e9e":"7 minutes"},"schema":{"@context":"https:\/\/schema.org","@graph":[{"@type":"WebPage","@id":"https:\/\/www.wondercrow.ch\/fr\/contact\/","url":"https:\/\/www.wondercrow.ch\/fr\/contact\/","name":"CONTACT | Wondercrow","isPartOf":{"@id":"https:\/\/www.wondercrow.ch\/fr\/#website"},"primaryImageOfPage":{"@id":"https:\/\/www.wondercrow.ch\/fr\/contact\/#primaryimage"},"image":{"@id":"https:\/\/www.wondercrow.ch\/fr\/contact\/#primaryimage"},"thumbnailUrl":"https:\/\/www.wondercrow.ch\/wp-content\/uploads\/2020\/05\/Portrait-GW-5-BW-1024x1024.png","datePublished":"2019-10-28T19:45:13+00:00","dateModified":"2024-01-09T08:00:22+00:00","description":"Contactez-nous rapidement et facilement au moyen de notre formulaire de contact ou par t\u00e9l\u00e9phone.","breadcrumb":{"@id":"https:\/\/www.wondercrow.ch\/fr\/contact\/#breadcrumb"},"inLanguage":"fr-FR","potentialAction":[{"@type":"ReadAction","target":["https:\/\/www.wondercrow.ch\/fr\/contact\/"]}]},{"@type":"ImageObject","inLanguage":"fr-FR","@id":"https:\/\/www.wondercrow.ch\/fr\/contact\/#primaryimage","url":"https:\/\/www.wondercrow.ch\/wp-content\/uploads\/2020\/05\/Portrait-GW-5-BW-1024x1024.png","contentUrl":"https:\/\/www.wondercrow.ch\/wp-content\/uploads\/2020\/05\/Portrait-GW-5-BW-1024x1024.png"},{"@type":"BreadcrumbList","@id":"https:\/\/www.wondercrow.ch\/fr\/contact\/#breadcrumb","itemListElement":[{"@type":"ListItem","position":1,"name":"Home","item":"https:\/\/www.wondercrow.ch\/fr\/"},{"@type":"ListItem","position":2,"name":"CONTACT"}]},{"@type":"WebSite","@id":"https:\/\/www.wondercrow.ch\/fr\/#website","url":"https:\/\/www.wondercrow.ch\/fr\/","name":"Wondercrow","description":"Digitalize successfully","publisher":{"@id":"https:\/\/www.wondercrow.ch\/fr\/#organization"},"potentialAction":[{"@type":"SearchAction","target":{"@type":"EntryPoint","urlTemplate":"https:\/\/www.wondercrow.ch\/fr\/?s={search_term_string}"},"query-input":{"@type":"PropertyValueSpecification","valueRequired":true,"valueName":"search_term_string"}}],"inLanguage":"fr-FR"},{"@type":"Organization","@id":"https:\/\/www.wondercrow.ch\/fr\/#organization","name":"Wondercrow GmbH","url":"https:\/\/www.wondercrow.ch\/fr\/","logo":{"@type":"ImageObject","inLanguage":"fr-FR","@id":"https:\/\/www.wondercrow.ch\/fr\/#\/schema\/logo\/image\/","url":"https:\/\/www.wondercrow.ch\/wp-content\/uploads\/2019\/10\/Crow_Logo_medium_oval.png","contentUrl":"https:\/\/www.wondercrow.ch\/wp-content\/uploads\/2019\/10\/Crow_Logo_medium_oval.png","width":1200,"height":1200,"caption":"Wondercrow GmbH"},"image":{"@id":"https:\/\/www.wondercrow.ch\/fr\/#\/schema\/logo\/image\/"}}]}},"_links":{"self":[{"href":"https:\/\/www.wondercrow.ch\/fr\/wp-json\/wp\/v2\/pages\/29114","targetHints":{"allow":["GET"]}}],"collection":[{"href":"https:\/\/www.wondercrow.ch\/fr\/wp-json\/wp\/v2\/pages"}],"about":[{"href":"https:\/\/www.wondercrow.ch\/fr\/wp-json\/wp\/v2\/types\/page"}],"author":[{"embeddable":true,"href":"https:\/\/www.wondercrow.ch\/fr\/wp-json\/wp\/v2\/users\/1"}],"replies":[{"embeddable":true,"href":"https:\/\/www.wondercrow.ch\/fr\/wp-json\/wp\/v2\/comments?post=29114"}],"version-history":[{"count":9,"href":"https:\/\/www.wondercrow.ch\/fr\/wp-json\/wp\/v2\/pages\/29114\/revisions"}],"predecessor-version":[{"id":30056,"href":"https:\/\/www.wondercrow.ch\/fr\/wp-json\/wp\/v2\/pages\/29114\/revisions\/30056"}],"wp:attachment":[{"href":"https:\/\/www.wondercrow.ch\/fr\/wp-json\/wp\/v2\/media?parent=29114"}],"curies":[{"name":"wp","href":"https:\/\/api.w.org\/{rel}","templated":true}]}}