{"id":29544,"date":"2019-12-02T22:46:04","date_gmt":"2019-12-02T21:46:04","guid":{"rendered":"https:\/\/www.wondercrow.ch\/etudes-de-cas\/"},"modified":"2024-01-09T09:00:23","modified_gmt":"2024-01-09T08:00:23","slug":"notre-experience","status":"publish","type":"page","link":"https:\/\/www.wondercrow.ch\/fr\/notre-experience\/","title":{"rendered":"EXPERIENCE"},"content":{"rendered":"<p>[et_pb_section fb_built=\u00a0\u00bb1&Prime; fullwidth=\u00a0\u00bbon\u00a0\u00bb admin_label=\u00a0\u00bbSection\u00a0\u00bb _builder_version=\u00a0\u00bb3.22&Prime; custom_padding=\u00a0\u00bb0px|0px|0px|0px\u00a0\u00bb transparent_background=\u00a0\u00bboff\u00a0\u00bb make_fullwidth=\u00a0\u00bboff\u00a0\u00bb use_custom_width=\u00a0\u00bboff\u00a0\u00bb width_unit=\u00a0\u00bboff\u00a0\u00bb custom_width_px=\u00a0\u00bb1080px\u00a0\u00bb custom_width_percent=\u00a0\u00bb80%\u00a0\u00bb][et_pb_fullwidth_slider admin_label=\u00a0\u00bbCurseur de d\u00e9filement plein \u00e9cran\u00a0\u00bb _builder_version=\u00a0\u00bb4.0.7&Prime; header_font_size=\u00a0\u00bb44px\u00a0\u00bb body_font_size=\u00a0\u00bb22px\u00a0\u00bb custom_padding=\u00a0\u00bb|||\u00a0\u00bb custom_padding_tablet=\u00a0\u00bb|||\u00a0\u00bb custom_padding_phone=\u00a0\u00bb|||\u00a0\u00bb remove_inner_shadow=\u00a0\u00bbon\u00a0\u00bb hide_content_on_mobile=\u00a0\u00bboff\u00a0\u00bb hide_cta_on_mobile=\u00a0\u00bboff\u00a0\u00bb show_inner_shadow=\u00a0\u00bboff\u00a0\u00bb button_letter_spacing_hover=\u00a0\u00bb0&Prime; button_text_size__hover_enabled=\u00a0\u00bboff\u00a0\u00bb button_one_text_size__hover_enabled=\u00a0\u00bboff\u00a0\u00bb button_two_text_size__hover_enabled=\u00a0\u00bboff\u00a0\u00bb button_text_color__hover_enabled=\u00a0\u00bboff\u00a0\u00bb button_one_text_color__hover_enabled=\u00a0\u00bboff\u00a0\u00bb button_two_text_color__hover_enabled=\u00a0\u00bboff\u00a0\u00bb button_border_width__hover_enabled=\u00a0\u00bboff\u00a0\u00bb button_one_border_width__hover_enabled=\u00a0\u00bboff\u00a0\u00bb button_two_border_width__hover_enabled=\u00a0\u00bboff\u00a0\u00bb button_border_color__hover_enabled=\u00a0\u00bboff\u00a0\u00bb button_one_border_color__hover_enabled=\u00a0\u00bboff\u00a0\u00bb button_two_border_color__hover_enabled=\u00a0\u00bboff\u00a0\u00bb button_border_radius__hover_enabled=\u00a0\u00bboff\u00a0\u00bb button_one_border_radius__hover_enabled=\u00a0\u00bboff\u00a0\u00bb button_two_border_radius__hover_enabled=\u00a0\u00bboff\u00a0\u00bb button_letter_spacing__hover_enabled=\u00a0\u00bbon\u00a0\u00bb button_letter_spacing__hover=\u00a0\u00bb0&Prime; button_one_letter_spacing__hover_enabled=\u00a0\u00bboff\u00a0\u00bb button_two_letter_spacing__hover_enabled=\u00a0\u00bboff\u00a0\u00bb button_bg_color__hover_enabled=\u00a0\u00bboff\u00a0\u00bb button_one_bg_color__hover_enabled=\u00a0\u00bboff\u00a0\u00bb button_two_bg_color__hover_enabled=\u00a0\u00bboff\u00a0\u00bb][et_pb_slide heading=\u00a0\u00bbNOTRE EXPERIENCE\u00a0\u00bb use_bg_overlay=\u00a0\u00bbon\u00a0\u00bb bg_overlay_color=\u00a0\u00bbrgba(0,0,0,0.5)\u00a0\u00bb use_text_overlay=\u00a0\u00bboff\u00a0\u00bb _builder_version=\u00a0\u00bb4.0.7&Prime; header_font=\u00a0\u00bb||||\u00a0\u00bb header_font_size=\u00a0\u00bb85&Prime; body_font=\u00a0\u00bb||||\u00a0\u00bb body_line_height=\u00a0\u00bb1.5em\u00a0\u00bb background_color=\u00a0\u00bb#000000&Prime; background_image=\u00a0\u00bb\/wp-content\/uploads\/2017\/02\/blog_header.jpg\u00a0\u00bb custom_button=\u00a0\u00bbon\u00a0\u00bb button_text_size=\u00a0\u00bb16&Prime; button_text_color=\u00a0\u00bb#ffffff\u00a0\u00bb button_border_color=\u00a0\u00bb#ffffff\u00a0\u00bb button_font=\u00a0\u00bb||||\u00a0\u00bb button_use_icon=\u00a0\u00bboff\u00a0\u00bb header_font_size_tablet=\u00a0\u00bb80px\u00a0\u00bb header_font_size_phone=\u00a0\u00bb50px\u00a0\u00bb header_font_size_last_edited=\u00a0\u00bbon|phone\u00a0\u00bb body_font_size_tablet=\u00a0\u00bb\u00a0\u00bb body_font_size_phone=\u00a0\u00bb\u00a0\u00bb body_font_size_last_edited=\u00a0\u00bbon|phone\u00a0\u00bb button_text_size_tablet=\u00a0\u00bb16&Prime; button_text_size_phone=\u00a0\u00bb16&Prime; button_text_color_hover=\u00a0\u00bb#666666&Prime; button_bg_color_hover=\u00a0\u00bb#ffffff\u00a0\u00bb button_text_size__hover_enabled=\u00a0\u00bboff\u00a0\u00bb button_one_text_size__hover_enabled=\u00a0\u00bboff\u00a0\u00bb button_two_text_size__hover_enabled=\u00a0\u00bboff\u00a0\u00bb button_text_color__hover_enabled=\u00a0\u00bbon\u00a0\u00bb button_text_color__hover=\u00a0\u00bb#666666&Prime; button_one_text_color__hover_enabled=\u00a0\u00bboff\u00a0\u00bb button_two_text_color__hover_enabled=\u00a0\u00bboff\u00a0\u00bb button_border_width__hover_enabled=\u00a0\u00bboff\u00a0\u00bb button_one_border_width__hover_enabled=\u00a0\u00bboff\u00a0\u00bb button_two_border_width__hover_enabled=\u00a0\u00bboff\u00a0\u00bb button_border_color__hover_enabled=\u00a0\u00bboff\u00a0\u00bb button_one_border_color__hover_enabled=\u00a0\u00bboff\u00a0\u00bb button_two_border_color__hover_enabled=\u00a0\u00bboff\u00a0\u00bb button_border_radius__hover_enabled=\u00a0\u00bboff\u00a0\u00bb button_one_border_radius__hover_enabled=\u00a0\u00bboff\u00a0\u00bb button_two_border_radius__hover_enabled=\u00a0\u00bboff\u00a0\u00bb button_letter_spacing__hover_enabled=\u00a0\u00bboff\u00a0\u00bb button_one_letter_spacing__hover_enabled=\u00a0\u00bboff\u00a0\u00bb button_two_letter_spacing__hover_enabled=\u00a0\u00bboff\u00a0\u00bb button_bg_color__hover_enabled=\u00a0\u00bbon\u00a0\u00bb button_bg_color__hover=\u00a0\u00bb#ffffff\u00a0\u00bb button_one_bg_color__hover_enabled=\u00a0\u00bboff\u00a0\u00bb button_two_bg_color__hover_enabled=\u00a0\u00bboff\u00a0\u00bb]<\/p>\n<p style=\"text-align: center;\">Vous trouverez ici un \u00e9chantillon repr\u00e9sentatif de notre exp\u00e9riences dans des r\u00f4les \u00e0 responsabilit\u00e9 avec Wondercrow ou des employeurs pr\u00e9c\u00e9dents.<\/p>\n<p>[\/et_pb_slide][\/et_pb_fullwidth_slider][\/et_pb_section][et_pb_section fb_built=\u00a0\u00bb1&Prime; _builder_version=\u00a0\u00bb3.22&Prime; transparent_background=\u00a0\u00bboff\u00a0\u00bb make_fullwidth=\u00a0\u00bboff\u00a0\u00bb use_custom_width=\u00a0\u00bboff\u00a0\u00bb width_unit=\u00a0\u00bboff\u00a0\u00bb custom_width_px=\u00a0\u00bb1080px\u00a0\u00bb custom_width_percent=\u00a0\u00bb80%\u00a0\u00bb][et_pb_row use_custom_gutter=\u00a0\u00bbon\u00a0\u00bb module_class=\u00a0\u00bb et_pb_row_fullwidth\u00a0\u00bb _builder_version=\u00a0\u00bb4.0.3&Prime; background_size=\u00a0\u00bbinitial\u00a0\u00bb background_position=\u00a0\u00bbtop_left\u00a0\u00bb background_repeat=\u00a0\u00bbrepeat\u00a0\u00bb width=\u00a0\u00bb89%\u00a0\u00bb width_tablet=\u00a0\u00bb80%\u00a0\u00bb width_phone=\u00a0\u00bb\u00a0\u00bb width_last_edited=\u00a0\u00bbon|desktop\u00a0\u00bb max_width=\u00a0\u00bb89%\u00a0\u00bb max_width_tablet=\u00a0\u00bb80%\u00a0\u00bb max_width_phone=\u00a0\u00bb\u00a0\u00bb max_width_last_edited=\u00a0\u00bbon|desktop\u00a0\u00bb custom_padding=\u00a0\u00bb0px|0px|0px|0px\u00a0\u00bb make_fullwidth=\u00a0\u00bbon\u00a0\u00bb use_custom_width=\u00a0\u00bboff\u00a0\u00bb width_unit=\u00a0\u00bboff\u00a0\u00bb custom_width_px=\u00a0\u00bb1080px\u00a0\u00bb custom_width_percent=\u00a0\u00bb80%\u00a0\u00bb][et_pb_column type=\u00a0\u00bb4_4&Prime; _builder_version=\u00a0\u00bb3.25&Prime; custom_padding=\u00a0\u00bb|||\u00a0\u00bb custom_padding__hover=\u00a0\u00bb|||\u00a0\u00bb][et_pb_blog fullwidth=\u00a0\u00bboff\u00a0\u00bb posts_number=\u00a0\u00bb12&Prime; show_author=\u00a0\u00bboff\u00a0\u00bb show_categories=\u00a0\u00bboff\u00a0\u00bb _builder_version=\u00a0\u00bb4.0.3&Prime; hover_enabled=\u00a0\u00bb0&Prime; use_border_color=\u00a0\u00bboff\u00a0\u00bb border_color=\u00a0\u00bb#ffffff\u00a0\u00bb border_width=\u00a0\u00bb1px\u00a0\u00bb border_style=\u00a0\u00bbsolid\u00a0\u00bb use_dropshadow=\u00a0\u00bboff\u00a0\u00bb show_more=\u00a0\u00bbon\u00a0\u00bb show_date=\u00a0\u00bboff\u00a0\u00bb][\/et_pb_blog][\/et_pb_column][\/et_pb_row][\/et_pb_section][et_pb_section fb_built=\u00a0\u00bb1&Prime; _builder_version=\u00a0\u00bb4.0.3&Prime; min_height=\u00a0\u00bb246px\u00a0\u00bb][et_pb_row _builder_version=\u00a0\u00bb4.0.3&Prime; min_height=\u00a0\u00bb143px\u00a0\u00bb][et_pb_column type=\u00a0\u00bb4_4&Prime; _builder_version=\u00a0\u00bb4.0.3&Prime;][et_pb_text _builder_version=\u00a0\u00bb4.0.7&Prime; hover_enabled=\u00a0\u00bb0&Prime; text_font_size=\u00a0\u00bb19px\u00a0\u00bb]<\/p>\n<p style=\"text-align: center;\">Avons-nous \u00e9veill\u00e9 votre int\u00e9r\u00eat? Contactez-nous!<\/p>\n<p>[\/et_pb_text][et_pb_button button_url=\u00a0\u00bbhttps:\/\/www.wondercrow.ch\/fr\/contact\/\u00a0\u00bb button_text=\u00a0\u00bbCONTACTEZ-NOUS\u00a0\u00bb button_alignment=\u00a0\u00bbcenter\u00a0\u00bb admin_label=\u00a0\u00bbButton\u00a0\u00bb _builder_version=\u00a0\u00bb4.0.3&Prime; button_letter_spacing_hover=\u00a0\u00bb0&Prime; locked=\u00a0\u00bboff\u00a0\u00bb button_text_size__hover_enabled=\u00a0\u00bboff\u00a0\u00bb button_one_text_size__hover_enabled=\u00a0\u00bboff\u00a0\u00bb button_two_text_size__hover_enabled=\u00a0\u00bboff\u00a0\u00bb button_text_color__hover_enabled=\u00a0\u00bboff\u00a0\u00bb button_one_text_color__hover_enabled=\u00a0\u00bboff\u00a0\u00bb button_two_text_color__hover_enabled=\u00a0\u00bboff\u00a0\u00bb button_border_width__hover_enabled=\u00a0\u00bboff\u00a0\u00bb button_one_border_width__hover_enabled=\u00a0\u00bboff\u00a0\u00bb button_two_border_width__hover_enabled=\u00a0\u00bboff\u00a0\u00bb button_border_color__hover_enabled=\u00a0\u00bboff\u00a0\u00bb button_one_border_color__hover_enabled=\u00a0\u00bboff\u00a0\u00bb button_two_border_color__hover_enabled=\u00a0\u00bboff\u00a0\u00bb button_border_radius__hover_enabled=\u00a0\u00bboff\u00a0\u00bb button_one_border_radius__hover_enabled=\u00a0\u00bboff\u00a0\u00bb button_two_border_radius__hover_enabled=\u00a0\u00bboff\u00a0\u00bb button_letter_spacing__hover_enabled=\u00a0\u00bbon\u00a0\u00bb button_letter_spacing__hover=\u00a0\u00bb0&Prime; button_one_letter_spacing__hover_enabled=\u00a0\u00bboff\u00a0\u00bb button_two_letter_spacing__hover_enabled=\u00a0\u00bboff\u00a0\u00bb button_bg_color__hover_enabled=\u00a0\u00bboff\u00a0\u00bb button_one_bg_color__hover_enabled=\u00a0\u00bboff\u00a0\u00bb button_two_bg_color__hover_enabled=\u00a0\u00bboff\u00a0\u00bb][\/et_pb_button][\/et_pb_column][\/et_pb_row][\/et_pb_section]<\/p>\n","protected":false},"excerpt":{"rendered":"<p>Vous trouverez ici un \u00e9chantillon repr\u00e9sentatif de notre exp\u00e9riences dans des r\u00f4les \u00e0 responsabilit\u00e9 avec Wondercrow ou des employeurs pr\u00e9c\u00e9dents.Avons-nous \u00e9veill\u00e9 votre int\u00e9r\u00eat? Contactez-nous!<\/p>\n","protected":false},"author":1,"featured_media":0,"parent":0,"menu_order":0,"comment_status":"closed","ping_status":"closed","template":"","meta":{"_et_pb_use_builder":"on","_et_pb_old_content":"","_et_gb_content_width":"","footnotes":""},"class_list":["post-29544","page","type-page","status-publish","hentry"],"yoast_head":"<!-- This site is optimized with the Yoast SEO plugin v24.8.1 - https:\/\/yoast.com\/wordpress\/plugins\/seo\/ -->\n<title>EXPERIENCE | Wondercrow<\/title>\n<meta name=\"description\" content=\"Vous trouverez ici un \u00e9chantillon repr\u00e9sentatif de notre exp\u00e9riences dans des r\u00f4les \u00e0 responsabilit\u00e9.\" \/>\n<meta name=\"robots\" content=\"index, follow, max-snippet:-1, max-image-preview:large, max-video-preview:-1\" \/>\n<link rel=\"canonical\" href=\"https:\/\/www.wondercrow.ch\/fr\/notre-experience\/\" \/>\n<meta property=\"og:locale\" content=\"fr_FR\" \/>\n<meta property=\"og:type\" content=\"article\" \/>\n<meta property=\"og:title\" content=\"EXPERIENCE | Wondercrow\" \/>\n<meta property=\"og:description\" content=\"Vous trouverez ici un \u00e9chantillon repr\u00e9sentatif de notre exp\u00e9riences dans des r\u00f4les \u00e0 responsabilit\u00e9.\" \/>\n<meta property=\"og:url\" content=\"https:\/\/www.wondercrow.ch\/fr\/notre-experience\/\" \/>\n<meta property=\"og:site_name\" content=\"Wondercrow\" \/>\n<meta property=\"article:modified_time\" content=\"2024-01-09T08:00:23+00:00\" \/>\n<meta name=\"twitter:card\" content=\"summary_large_image\" \/>\n<meta name=\"twitter:label1\" content=\"Dur\u00e9e de lecture estim\u00e9e\" \/>\n\t<meta name=\"twitter:data1\" content=\"5 minutes\" \/>\n<script type=\"application\/ld+json\" class=\"yoast-schema-graph\">{\"@context\":\"https:\/\/schema.org\",\"@graph\":[{\"@type\":\"WebPage\",\"@id\":\"https:\/\/www.wondercrow.ch\/fr\/notre-experience\/\",\"url\":\"https:\/\/www.wondercrow.ch\/fr\/notre-experience\/\",\"name\":\"EXPERIENCE | Wondercrow\",\"isPartOf\":{\"@id\":\"https:\/\/www.wondercrow.ch\/fr\/#website\"},\"datePublished\":\"2019-12-02T21:46:04+00:00\",\"dateModified\":\"2024-01-09T08:00:23+00:00\",\"description\":\"Vous trouverez ici un \u00e9chantillon repr\u00e9sentatif de notre exp\u00e9riences dans des r\u00f4les \u00e0 responsabilit\u00e9.\",\"breadcrumb\":{\"@id\":\"https:\/\/www.wondercrow.ch\/fr\/notre-experience\/#breadcrumb\"},\"inLanguage\":\"fr-FR\",\"potentialAction\":[{\"@type\":\"ReadAction\",\"target\":[\"https:\/\/www.wondercrow.ch\/fr\/notre-experience\/\"]}]},{\"@type\":\"BreadcrumbList\",\"@id\":\"https:\/\/www.wondercrow.ch\/fr\/notre-experience\/#breadcrumb\",\"itemListElement\":[{\"@type\":\"ListItem\",\"position\":1,\"name\":\"Home\",\"item\":\"https:\/\/www.wondercrow.ch\/fr\/\"},{\"@type\":\"ListItem\",\"position\":2,\"name\":\"EXPERIENCE\"}]},{\"@type\":\"WebSite\",\"@id\":\"https:\/\/www.wondercrow.ch\/fr\/#website\",\"url\":\"https:\/\/www.wondercrow.ch\/fr\/\",\"name\":\"Wondercrow\",\"description\":\"Digitalize successfully\",\"publisher\":{\"@id\":\"https:\/\/www.wondercrow.ch\/fr\/#organization\"},\"potentialAction\":[{\"@type\":\"SearchAction\",\"target\":{\"@type\":\"EntryPoint\",\"urlTemplate\":\"https:\/\/www.wondercrow.ch\/fr\/?s={search_term_string}\"},\"query-input\":{\"@type\":\"PropertyValueSpecification\",\"valueRequired\":true,\"valueName\":\"search_term_string\"}}],\"inLanguage\":\"fr-FR\"},{\"@type\":\"Organization\",\"@id\":\"https:\/\/www.wondercrow.ch\/fr\/#organization\",\"name\":\"Wondercrow GmbH\",\"url\":\"https:\/\/www.wondercrow.ch\/fr\/\",\"logo\":{\"@type\":\"ImageObject\",\"inLanguage\":\"fr-FR\",\"@id\":\"https:\/\/www.wondercrow.ch\/fr\/#\/schema\/logo\/image\/\",\"url\":\"https:\/\/www.wondercrow.ch\/wp-content\/uploads\/2019\/10\/Crow_Logo_medium_oval.png\",\"contentUrl\":\"https:\/\/www.wondercrow.ch\/wp-content\/uploads\/2019\/10\/Crow_Logo_medium_oval.png\",\"width\":1200,\"height\":1200,\"caption\":\"Wondercrow GmbH\"},\"image\":{\"@id\":\"https:\/\/www.wondercrow.ch\/fr\/#\/schema\/logo\/image\/\"}}]}<\/script>\n<!-- \/ Yoast SEO plugin. -->","yoast_head_json":{"title":"EXPERIENCE | Wondercrow","description":"Vous trouverez ici un \u00e9chantillon repr\u00e9sentatif de notre exp\u00e9riences dans des r\u00f4les \u00e0 responsabilit\u00e9.","robots":{"index":"index","follow":"follow","max-snippet":"max-snippet:-1","max-image-preview":"max-image-preview:large","max-video-preview":"max-video-preview:-1"},"canonical":"https:\/\/www.wondercrow.ch\/fr\/notre-experience\/","og_locale":"fr_FR","og_type":"article","og_title":"EXPERIENCE | Wondercrow","og_description":"Vous trouverez ici un \u00e9chantillon repr\u00e9sentatif de notre exp\u00e9riences dans des r\u00f4les \u00e0 responsabilit\u00e9.","og_url":"https:\/\/www.wondercrow.ch\/fr\/notre-experience\/","og_site_name":"Wondercrow","article_modified_time":"2024-01-09T08:00:23+00:00","twitter_card":"summary_large_image","twitter_misc":{"Dur\u00e9e de lecture estim\u00e9e":"5 minutes"},"schema":{"@context":"https:\/\/schema.org","@graph":[{"@type":"WebPage","@id":"https:\/\/www.wondercrow.ch\/fr\/notre-experience\/","url":"https:\/\/www.wondercrow.ch\/fr\/notre-experience\/","name":"EXPERIENCE | Wondercrow","isPartOf":{"@id":"https:\/\/www.wondercrow.ch\/fr\/#website"},"datePublished":"2019-12-02T21:46:04+00:00","dateModified":"2024-01-09T08:00:23+00:00","description":"Vous trouverez ici un \u00e9chantillon repr\u00e9sentatif de notre exp\u00e9riences dans des r\u00f4les \u00e0 responsabilit\u00e9.","breadcrumb":{"@id":"https:\/\/www.wondercrow.ch\/fr\/notre-experience\/#breadcrumb"},"inLanguage":"fr-FR","potentialAction":[{"@type":"ReadAction","target":["https:\/\/www.wondercrow.ch\/fr\/notre-experience\/"]}]},{"@type":"BreadcrumbList","@id":"https:\/\/www.wondercrow.ch\/fr\/notre-experience\/#breadcrumb","itemListElement":[{"@type":"ListItem","position":1,"name":"Home","item":"https:\/\/www.wondercrow.ch\/fr\/"},{"@type":"ListItem","position":2,"name":"EXPERIENCE"}]},{"@type":"WebSite","@id":"https:\/\/www.wondercrow.ch\/fr\/#website","url":"https:\/\/www.wondercrow.ch\/fr\/","name":"Wondercrow","description":"Digitalize successfully","publisher":{"@id":"https:\/\/www.wondercrow.ch\/fr\/#organization"},"potentialAction":[{"@type":"SearchAction","target":{"@type":"EntryPoint","urlTemplate":"https:\/\/www.wondercrow.ch\/fr\/?s={search_term_string}"},"query-input":{"@type":"PropertyValueSpecification","valueRequired":true,"valueName":"search_term_string"}}],"inLanguage":"fr-FR"},{"@type":"Organization","@id":"https:\/\/www.wondercrow.ch\/fr\/#organization","name":"Wondercrow GmbH","url":"https:\/\/www.wondercrow.ch\/fr\/","logo":{"@type":"ImageObject","inLanguage":"fr-FR","@id":"https:\/\/www.wondercrow.ch\/fr\/#\/schema\/logo\/image\/","url":"https:\/\/www.wondercrow.ch\/wp-content\/uploads\/2019\/10\/Crow_Logo_medium_oval.png","contentUrl":"https:\/\/www.wondercrow.ch\/wp-content\/uploads\/2019\/10\/Crow_Logo_medium_oval.png","width":1200,"height":1200,"caption":"Wondercrow GmbH"},"image":{"@id":"https:\/\/www.wondercrow.ch\/fr\/#\/schema\/logo\/image\/"}}]}},"_links":{"self":[{"href":"https:\/\/www.wondercrow.ch\/fr\/wp-json\/wp\/v2\/pages\/29544","targetHints":{"allow":["GET"]}}],"collection":[{"href":"https:\/\/www.wondercrow.ch\/fr\/wp-json\/wp\/v2\/pages"}],"about":[{"href":"https:\/\/www.wondercrow.ch\/fr\/wp-json\/wp\/v2\/types\/page"}],"author":[{"embeddable":true,"href":"https:\/\/www.wondercrow.ch\/fr\/wp-json\/wp\/v2\/users\/1"}],"replies":[{"embeddable":true,"href":"https:\/\/www.wondercrow.ch\/fr\/wp-json\/wp\/v2\/comments?post=29544"}],"version-history":[{"count":10,"href":"https:\/\/www.wondercrow.ch\/fr\/wp-json\/wp\/v2\/pages\/29544\/revisions"}],"predecessor-version":[{"id":29816,"href":"https:\/\/www.wondercrow.ch\/fr\/wp-json\/wp\/v2\/pages\/29544\/revisions\/29816"}],"wp:attachment":[{"href":"https:\/\/www.wondercrow.ch\/fr\/wp-json\/wp\/v2\/media?parent=29544"}],"curies":[{"name":"wp","href":"https:\/\/api.w.org\/{rel}","templated":true}]}}